{"id":1466,"date":"2024-06-19T18:49:59","date_gmt":"2024-06-19T22:49:59","guid":{"rendered":"https:\/\/impulso360gc.com\/contact\/"},"modified":"2024-07-05T11:52:51","modified_gmt":"2024-07-05T15:52:51","slug":"contacto","status":"publish","type":"page","link":"https:\/\/impulso360gc.com\/?page_id=1466","title":{"rendered":"Contacto"},"content":{"rendered":"\t\t<div data-elementor-type=\"wp-post\" data-elementor-id=\"1466\" class=\"elementor elementor-1466\">\n\t\t\t\t<div class=\"elementor-element elementor-element-296b94c e-flex e-con-boxed elementor-invisible e-con e-parent\" data-id=\"296b94c\" data-element_type=\"container\" data-e-type=\"container\" data-settings=\"{&quot;background_background&quot;:&quot;classic&quot;,&quot;animation&quot;:&quot;fadeIn&quot;}\">\n\t\t\t\t\t<div class=\"e-con-inner\">\n\t\t<div class=\"elementor-element elementor-element-6c80bf4 e-con-full e-flex elementor-invisible e-con e-child\" data-id=\"6c80bf4\" data-element_type=\"container\" data-e-type=\"container\" data-settings=\"{&quot;animation&quot;:&quot;fadeInUp&quot;}\">\n\t\t\t\t<div class=\"elementor-element elementor-element-1243ac5 elementor-view-default elementor-widget elementor-widget-icon\" data-id=\"1243ac5\" data-element_type=\"widget\" data-e-type=\"widget\" data-widget_type=\"icon.default\">\n\t\t\t\t<div class=\"elementor-widget-container\">\n\t\t\t\t\t\t\t<div class=\"elementor-icon-wrapper\">\n\t\t\t<div class=\"elementor-icon\">\n\t\t\t<i aria-hidden=\"true\" class=\"fas fa-phone-alt\"><\/i>\t\t\t<\/div>\n\t\t<\/div>\n\t\t\t\t\t\t<\/div>\n\t\t\t\t<\/div>\n\t\t\t\t<div class=\"elementor-element elementor-element-8aa6359 elementor-widget elementor-widget-heading\" data-id=\"8aa6359\" data-element_type=\"widget\" data-e-type=\"widget\" data-widget_type=\"heading.default\">\n\t\t\t\t<div class=\"elementor-widget-container\">\n\t\t\t\t\t<h1 class=\"elementor-heading-title elementor-size-default\">Cont\u00e1ctanos<\/h1>\t\t\t\t<\/div>\n\t\t\t\t<\/div>\n\t\t\t\t<div class=\"elementor-element elementor-element-adb1249 elementor-widget elementor-widget-heading\" data-id=\"adb1249\" data-element_type=\"widget\" data-e-type=\"widget\" data-widget_type=\"heading.default\">\n\t\t\t\t<div class=\"elementor-widget-container\">\n\t\t\t\t\t<h4 class=\"elementor-heading-title elementor-size-default\">PARA M\u00c1S INFORMACI\u00d3N<\/h4>\t\t\t\t<\/div>\n\t\t\t\t<\/div>\n\t\t\t\t<\/div>\n\t\t\t\t\t<\/div>\n\t\t\t\t<\/div>\n\t\t<div class=\"elementor-element elementor-element-2f83913 e-flex e-con-boxed e-con e-parent\" data-id=\"2f83913\" data-element_type=\"container\" data-e-type=\"container\" data-settings=\"{&quot;background_background&quot;:&quot;gradient&quot;}\">\n\t\t\t\t\t<div class=\"e-con-inner\">\n\t\t<div class=\"elementor-element elementor-element-2b63de8 e-con-full e-flex elementor-invisible e-con e-child\" data-id=\"2b63de8\" data-element_type=\"container\" data-e-type=\"container\" data-settings=\"{&quot;animation&quot;:&quot;fadeInLeft&quot;}\">\n\t\t<div class=\"elementor-element elementor-element-985634c e-con-full e-flex e-con e-child\" data-id=\"985634c\" data-element_type=\"container\" data-e-type=\"container\">\n\t\t\t\t<div class=\"elementor-element elementor-element-e37491b elementor-view-default elementor-widget elementor-widget-icon\" data-id=\"e37491b\" data-element_type=\"widget\" data-e-type=\"widget\" data-widget_type=\"icon.default\">\n\t\t\t\t<div class=\"elementor-widget-container\">\n\t\t\t\t\t\t\t<div class=\"elementor-icon-wrapper\">\n\t\t\t<div class=\"elementor-icon\">\n\t\t\t<i aria-hidden=\"true\" class=\"fas fa-map-marker-alt\"><\/i>\t\t\t<\/div>\n\t\t<\/div>\n\t\t\t\t\t\t<\/div>\n\t\t\t\t<\/div>\n\t\t<div class=\"elementor-element elementor-element-41243a3 e-con-full e-flex e-con e-child\" data-id=\"41243a3\" data-element_type=\"container\" data-e-type=\"container\">\n\t\t\t\t<div class=\"elementor-element elementor-element-3b3a729 elementor-widget elementor-widget-heading\" data-id=\"3b3a729\" data-element_type=\"widget\" data-e-type=\"widget\" data-widget_type=\"heading.default\">\n\t\t\t\t<div class=\"elementor-widget-container\">\n\t\t\t\t\t<h2 class=\"elementor-heading-title elementor-size-default\">Encu\u00e9ntranos<\/h2>\t\t\t\t<\/div>\n\t\t\t\t<\/div>\n\t\t\t\t<\/div>\n\t\t<div class=\"elementor-element elementor-element-5570d12 e-con-full e-flex e-con e-child\" data-id=\"5570d12\" data-element_type=\"container\" data-e-type=\"container\">\n\t\t\t\t<div class=\"elementor-element elementor-element-0c904b7 elementor-widget elementor-widget-google_maps\" data-id=\"0c904b7\" data-element_type=\"widget\" data-e-type=\"widget\" data-widget_type=\"google_maps.default\">\n\t\t\t\t<div class=\"elementor-widget-container\">\n\t\t\t\t\t\t\t<div class=\"elementor-custom-embed\">\n\t\t\t<iframe loading=\"lazy\"\n\t\t\t\t\tsrc=\"https:\/\/maps.google.com\/maps?q=Impulso%20360%20Grupo%20Consultor&#038;t=m&#038;z=17&#038;output=embed&#038;iwloc=near\"\n\t\t\t\t\ttitle=\"Impulso 360 Grupo Consultor\"\n\t\t\t\t\taria-label=\"Impulso 360 Grupo Consultor\"\n\t\t\t><\/iframe>\n\t\t<\/div>\n\t\t\t\t\t\t<\/div>\n\t\t\t\t<\/div>\n\t\t\t\t<\/div>\n\t\t\t\t<\/div>\n\t\t\t\t<\/div>\n\t\t<div class=\"elementor-element elementor-element-cf9fd0d e-con-full e-flex elementor-invisible e-con e-child\" data-id=\"cf9fd0d\" data-element_type=\"container\" data-e-type=\"container\" data-settings=\"{&quot;animation&quot;:&quot;fadeInRight&quot;}\">\n\t\t\t\t<div class=\"elementor-element elementor-element-f71623a elementor-widget elementor-widget-spacer\" data-id=\"f71623a\" data-element_type=\"widget\" data-e-type=\"widget\" data-widget_type=\"spacer.default\">\n\t\t\t\t<div class=\"elementor-widget-container\">\n\t\t\t\t\t\t\t<div class=\"elementor-spacer\">\n\t\t\t<div class=\"elementor-spacer-inner\"><\/div>\n\t\t<\/div>\n\t\t\t\t\t\t<\/div>\n\t\t\t\t<\/div>\n\t\t\t\t<div class=\"elementor-element elementor-element-8bb99a7 elementor-widget elementor-widget-heading\" data-id=\"8bb99a7\" data-element_type=\"widget\" data-e-type=\"widget\" data-widget_type=\"heading.default\">\n\t\t\t\t<div class=\"elementor-widget-container\">\n\t\t\t\t\t<h6 class=\"elementor-heading-title elementor-size-default\">Informaci\u00f3n de contacto<\/h6>\t\t\t\t<\/div>\n\t\t\t\t<\/div>\n\t\t\t\t<div class=\"elementor-element elementor-element-6a03473 elementor-align-start elementor-icon-list--layout-traditional elementor-list-item-link-full_width elementor-widget elementor-widget-icon-list\" data-id=\"6a03473\" data-element_type=\"widget\" data-e-type=\"widget\" data-widget_type=\"icon-list.default\">\n\t\t\t\t<div class=\"elementor-widget-container\">\n\t\t\t\t\t\t\t<ul class=\"elementor-icon-list-items\">\n\t\t\t\t\t\t\t<li class=\"elementor-icon-list-item\">\n\t\t\t\t\t\t\t\t\t\t\t<a href=\"https:\/\/maps.app.goo.gl\/eV5q7BuJMMoNwpAu8\">\n\n\t\t\t\t\t\t\t\t\t\t\t\t<span class=\"elementor-icon-list-icon\">\n\t\t\t\t\t\t\t<i aria-hidden=\"true\" class=\"fas fa-map-marker-alt\"><\/i>\t\t\t\t\t\t<\/span>\n\t\t\t\t\t\t\t\t\t\t<span class=\"elementor-icon-list-text\">Calacoto, Calle 18 Nro. 8087 Edificio Platino Piso 1, Oficina 1<\/span>\n\t\t\t\t\t\t\t\t\t\t\t<\/a>\n\t\t\t\t\t\t\t\t\t<\/li>\n\t\t\t\t\t\t\t\t<li class=\"elementor-icon-list-item\">\n\t\t\t\t\t\t\t\t\t\t\t<a href=\"http:\/\/impulso360gc@gmail.com\">\n\n\t\t\t\t\t\t\t\t\t\t\t\t<span class=\"elementor-icon-list-icon\">\n\t\t\t\t\t\t\t<i aria-hidden=\"true\" class=\"fas fa-envelope\"><\/i>\t\t\t\t\t\t<\/span>\n\t\t\t\t\t\t\t\t\t\t<span class=\"elementor-icon-list-text\">impulso360gc@gmail.com<\/span>\n\t\t\t\t\t\t\t\t\t\t\t<\/a>\n\t\t\t\t\t\t\t\t\t<\/li>\n\t\t\t\t\t\t\t\t<li class=\"elementor-icon-list-item\">\n\t\t\t\t\t\t\t\t\t\t\t<a href=\"https:\/\/api.whatsapp.com\/send?phone=59163149529\">\n\n\t\t\t\t\t\t\t\t\t\t\t\t<span class=\"elementor-icon-list-icon\">\n\t\t\t\t\t\t\t<i aria-hidden=\"true\" class=\"fas fa-phone-volume\"><\/i>\t\t\t\t\t\t<\/span>\n\t\t\t\t\t\t\t\t\t\t<span class=\"elementor-icon-list-text\">(+591) 63149529<\/span>\n\t\t\t\t\t\t\t\t\t\t\t<\/a>\n\t\t\t\t\t\t\t\t\t<\/li>\n\t\t\t\t\t\t<\/ul>\n\t\t\t\t\t\t<\/div>\n\t\t\t\t<\/div>\n\t\t\t\t<\/div>\n\t\t\t\t\t<\/div>\n\t\t\t\t<\/div>\n\t\t<div class=\"elementor-element elementor-element-497ea58 e-flex e-con-boxed e-con e-parent\" data-id=\"497ea58\" data-element_type=\"container\" data-e-type=\"container\">\n\t\t\t\t\t<div class=\"e-con-inner\">\n\t\t\t\t<div class=\"elementor-element elementor-element-46d6652 elementor-invisible elementor-widget elementor-widget-wpforms\" data-id=\"46d6652\" data-element_type=\"widget\" data-e-type=\"widget\" data-settings=\"{&quot;_animation&quot;:&quot;fadeInUp&quot;}\" data-widget_type=\"wpforms.default\">\n\t\t\t\t<div class=\"elementor-widget-container\">\n\t\t\t\t\t<div class=\"wpforms-container \" id=\"wpforms-1002\"><form id=\"wpforms-form-1002\" class=\"wpforms-validate wpforms-form\" data-formid=\"1002\" method=\"post\" enctype=\"multipart\/form-data\" action=\"\/index.php?rest_route=%2Fwp%2Fv2%2Fpages%2F1466\" data-token=\"d6472543def0399f47a3719752d55831\" data-token-time=\"1777562262\"><div class=\"wpforms-head-container\"><div class=\"wpforms-title\">Env\u00edanos un mensaje<\/div><\/div><noscript class=\"wpforms-error-noscript\">Por favor, activa JavaScript en tu navegador para completar este formulario.<\/noscript><div class=\"wpforms-field-container\"><div id=\"wpforms-1002-field_0-container\" class=\"wpforms-field wpforms-field-name\" data-field-id=\"0\"><label class=\"wpforms-field-label\" for=\"wpforms-1002-field_0\">Nombre Completo <span class=\"wpforms-required-label\">*<\/span><\/label><input type=\"text\" id=\"wpforms-1002-field_0\" class=\"wpforms-field-large wpforms-field-required\" name=\"wpforms[fields][0]\" placeholder=\"Escribe tu nombre\" required><\/div><div id=\"wpforms-1002-field_1-container\" class=\"wpforms-field wpforms-field-email\" data-field-id=\"1\"><label class=\"wpforms-field-label\" for=\"wpforms-1002-field_1\">Email <span class=\"wpforms-required-label\">*<\/span><\/label><input type=\"email\" id=\"wpforms-1002-field_1\" class=\"wpforms-field-large wpforms-field-required\" name=\"wpforms[fields][1]\" placeholder=\"Escribe tu email\" spellcheck=\"false\" required><\/div><div id=\"wpforms-1002-field_2-container\" class=\"wpforms-field wpforms-field-textarea\" data-field-id=\"2\"><label class=\"wpforms-field-label\" for=\"wpforms-1002-field_2\">D\u00e9janos un mensaje <span class=\"wpforms-required-label\">*<\/span><\/label><textarea id=\"wpforms-1002-field_2\" class=\"wpforms-field-medium wpforms-field-required\" name=\"wpforms[fields][2]\" placeholder=\"Tu mensaje\" required><\/textarea><\/div><\/div><!-- .wpforms-field-container --><div class=\"wpforms-field wpforms-field-hp\"><label for=\"wpforms-1002-field-hp\" class=\"wpforms-field-label\">Phone<\/label><input type=\"text\" name=\"wpforms[hp]\" id=\"wpforms-1002-field-hp\" class=\"wpforms-field-medium\"><\/div><div class=\"wpforms-submit-container\" ><input type=\"hidden\" name=\"wpforms[id]\" value=\"1002\"><input type=\"hidden\" name=\"page_title\" value=\"\"><input type=\"hidden\" name=\"page_url\" value=\"https:\/\/impulso360gc.com\/index.php?rest_route=\/wp\/v2\/pages\/1466\"><input type=\"hidden\" name=\"url_referer\" value=\"\"><button type=\"submit\" name=\"wpforms[submit]\" id=\"wpforms-submit-1002\" class=\"wpforms-submit\" data-alt-text=\"Enviando...\" data-submit-text=\"Enviar\" aria-live=\"assertive\" value=\"wpforms-submit\">Enviar<\/button><\/div><\/form><\/div>  <!-- .wpforms-container -->\t\t\t\t<\/div>\n\t\t\t\t<\/div>\n\t\t\t\t\t<\/div>\n\t\t\t\t<\/div>\n\t\t\t\t<\/div>\n\t\t","protected":false},"excerpt":{"rendered":"<p>Cont\u00e1ctanos PARA M\u00c1S INFORMACI\u00d3N Encu\u00e9ntranos Informaci\u00f3n de contacto Calacoto, Calle 18 Nro. 8087 Edificio Platino Piso 1, Oficina 1 impulso360gc@gmail.com (+591) 63149529 Env\u00edanos un mensajePor favor, activa JavaScript en tu navegador para completar este formulario.Nombre Completo *Email *D\u00e9janos un mensaje *Comment Enviar<\/p>\n","protected":false},"author":1,"featured_media":0,"parent":0,"menu_order":0,"comment_status":"closed","ping_status":"closed","template":"","meta":{"_uag_custom_page_level_css":"","site-sidebar-layout":"no-sidebar","site-content-layout":"page-builder","ast-site-content-layout":"default","site-content-style":"default","site-sidebar-style":"default","ast-global-header-display":"","ast-banner-title-visibility":"","ast-main-header-display":"","ast-hfb-above-header-display":"","ast-hfb-below-header-display":"","ast-hfb-mobile-header-display":"","site-post-title":"disabled","ast-breadcrumbs-content":"","ast-featured-img":"disabled","footer-sml-layout":"","ast-disable-related-posts":"","theme-transparent-header-meta":"enabled","adv-header-id-meta":"","stick-header-meta":"","header-above-stick-meta":"","header-main-stick-meta":"","header-below-stick-meta":"","astra-migrate-meta-layouts":"default","ast-page-background-enabled":"default","ast-page-background-meta":{"desktop":{"background-color":"","background-image":"","background-repeat":"repeat","background-position":"center center","background-size":"auto","background-attachment":"scroll","background-type":"","background-media":"","overlay-type":"","overlay-color":"","overlay-opacity":"","overlay-gradient":""},"tablet":{"background-color":"","background-image":"","background-repeat":"repeat","background-position":"center center","background-size":"auto","background-attachment":"scroll","background-type":"","background-media":"","overlay-type":"","overlay-color":"","overlay-opacity":"","overlay-gradient":""},"mobile":{"background-color":"","background-image":"","background-repeat":"repeat","background-position":"center center","background-size":"auto","background-attachment":"scroll","background-type":"","background-media":"","overlay-type":"","overlay-color":"","overlay-opacity":"","overlay-gradient":""}},"ast-content-background-meta":{"desktop":{"background-color":"var(--ast-global-color-5)","background-image":"","background-repeat":"repeat","background-position":"center center","background-size":"auto","background-attachment":"scroll","background-type":"","background-media":"","overlay-type":"","overlay-color":"","overlay-opacity":"","overlay-gradient":""},"tablet":{"background-color":"var(--ast-global-color-5)","background-image":"","background-repeat":"repeat","background-position":"center center","background-size":"auto","background-attachment":"scroll","background-type":"","background-media":"","overlay-type":"","overlay-color":"","overlay-opacity":"","overlay-gradient":""},"mobile":{"background-color":"var(--ast-global-color-5)","background-image":"","background-repeat":"repeat","background-position":"center center","background-size":"auto","background-attachment":"scroll","background-type":"","background-media":"","overlay-type":"","overlay-color":"","overlay-opacity":"","overlay-gradient":""}},"footnotes":""},"class_list":["post-1466","page","type-page","status-publish","hentry"],"yoast_head":"<!-- This site is optimized with the Yoast SEO plugin v27.5 - https:\/\/yoast.com\/product\/yoast-seo-wordpress\/ -->\n<title>Contacto - Impulso 360\u00b0<\/title>\n<meta name=\"robots\" content=\"index, follow, max-snippet:-1, max-image-preview:large, max-video-preview:-1\" \/>\n<link rel=\"canonical\" href=\"https:\/\/impulso360gc.com\/?page_id=1466\" \/>\n<meta property=\"og:locale\" content=\"es_MX\" \/>\n<meta property=\"og:type\" content=\"article\" \/>\n<meta property=\"og:title\" content=\"Contacto - Impulso 360\u00b0\" \/>\n<meta property=\"og:description\" content=\"Cont\u00e1ctanos PARA M\u00c1S INFORMACI\u00d3N Encu\u00e9ntranos Informaci\u00f3n de contacto Calacoto, Calle 18 Nro. 8087 Edificio Platino Piso 1, Oficina 1 impulso360gc@gmail.com (+591) 63149529 Env\u00edanos un mensajePor favor, activa JavaScript en tu navegador para completar este formulario.Nombre Completo *Email *D\u00e9janos un mensaje *Comment Enviar\" \/>\n<meta property=\"og:url\" content=\"https:\/\/impulso360gc.com\/?page_id=1466\" \/>\n<meta property=\"og:site_name\" content=\"Impulso 360\u00b0\" \/>\n<meta property=\"article:modified_time\" content=\"2024-07-05T15:52:51+00:00\" \/>\n<meta name=\"twitter:card\" content=\"summary_large_image\" \/>\n<meta name=\"twitter:label1\" content=\"Tiempo de lectura\" \/>\n\t<meta name=\"twitter:data1\" content=\"1 minuto\" \/>\n<script type=\"application\/ld+json\" class=\"yoast-schema-graph\">{\"@context\":\"https:\\\/\\\/schema.org\",\"@graph\":[{\"@type\":\"WebPage\",\"@id\":\"https:\\\/\\\/impulso360gc.com\\\/?page_id=1466\",\"url\":\"https:\\\/\\\/impulso360gc.com\\\/?page_id=1466\",\"name\":\"Contacto - Impulso 360\u00b0\",\"isPartOf\":{\"@id\":\"https:\\\/\\\/impulso360gc.com\\\/#website\"},\"datePublished\":\"2024-06-19T22:49:59+00:00\",\"dateModified\":\"2024-07-05T15:52:51+00:00\",\"breadcrumb\":{\"@id\":\"https:\\\/\\\/impulso360gc.com\\\/?page_id=1466#breadcrumb\"},\"inLanguage\":\"es\",\"potentialAction\":[{\"@type\":\"ReadAction\",\"target\":[\"https:\\\/\\\/impulso360gc.com\\\/?page_id=1466\"]}]},{\"@type\":\"BreadcrumbList\",\"@id\":\"https:\\\/\\\/impulso360gc.com\\\/?page_id=1466#breadcrumb\",\"itemListElement\":[{\"@type\":\"ListItem\",\"position\":1,\"name\":\"Inicio\",\"item\":\"https:\\\/\\\/impulso360gc.com\\\/\"},{\"@type\":\"ListItem\",\"position\":2,\"name\":\"Contacto\"}]},{\"@type\":\"WebSite\",\"@id\":\"https:\\\/\\\/impulso360gc.com\\\/#website\",\"url\":\"https:\\\/\\\/impulso360gc.com\\\/\",\"name\":\"Impulso 360\u00b0\",\"description\":\"\",\"publisher\":{\"@id\":\"https:\\\/\\\/impulso360gc.com\\\/#organization\"},\"potentialAction\":[{\"@type\":\"SearchAction\",\"target\":{\"@type\":\"EntryPoint\",\"urlTemplate\":\"https:\\\/\\\/impulso360gc.com\\\/?s={search_term_string}\"},\"query-input\":{\"@type\":\"PropertyValueSpecification\",\"valueRequired\":true,\"valueName\":\"search_term_string\"}}],\"inLanguage\":\"es\"},{\"@type\":\"Organization\",\"@id\":\"https:\\\/\\\/impulso360gc.com\\\/#organization\",\"name\":\"Impulso 360\u00b0\",\"url\":\"https:\\\/\\\/impulso360gc.com\\\/\",\"logo\":{\"@type\":\"ImageObject\",\"inLanguage\":\"es\",\"@id\":\"https:\\\/\\\/impulso360gc.com\\\/#\\\/schema\\\/logo\\\/image\\\/\",\"url\":\"https:\\\/\\\/impulso360gc.com\\\/wp-content\\\/uploads\\\/2024\\\/06\\\/impulso_logo_blanco.png\",\"contentUrl\":\"https:\\\/\\\/impulso360gc.com\\\/wp-content\\\/uploads\\\/2024\\\/06\\\/impulso_logo_blanco.png\",\"width\":683,\"height\":365,\"caption\":\"Impulso 360\u00b0\"},\"image\":{\"@id\":\"https:\\\/\\\/impulso360gc.com\\\/#\\\/schema\\\/logo\\\/image\\\/\"}}]}<\/script>\n<!-- \/ Yoast SEO plugin. -->","yoast_head_json":{"title":"Contacto - Impulso 360\u00b0","robots":{"index":"index","follow":"follow","max-snippet":"max-snippet:-1","max-image-preview":"max-image-preview:large","max-video-preview":"max-video-preview:-1"},"canonical":"https:\/\/impulso360gc.com\/?page_id=1466","og_locale":"es_MX","og_type":"article","og_title":"Contacto - Impulso 360\u00b0","og_description":"Cont\u00e1ctanos PARA M\u00c1S INFORMACI\u00d3N Encu\u00e9ntranos Informaci\u00f3n de contacto Calacoto, Calle 18 Nro. 8087 Edificio Platino Piso 1, Oficina 1 impulso360gc@gmail.com (+591) 63149529 Env\u00edanos un mensajePor favor, activa JavaScript en tu navegador para completar este formulario.Nombre Completo *Email *D\u00e9janos un mensaje *Comment Enviar","og_url":"https:\/\/impulso360gc.com\/?page_id=1466","og_site_name":"Impulso 360\u00b0","article_modified_time":"2024-07-05T15:52:51+00:00","twitter_card":"summary_large_image","twitter_misc":{"Tiempo de lectura":"1 minuto"},"schema":{"@context":"https:\/\/schema.org","@graph":[{"@type":"WebPage","@id":"https:\/\/impulso360gc.com\/?page_id=1466","url":"https:\/\/impulso360gc.com\/?page_id=1466","name":"Contacto - Impulso 360\u00b0","isPartOf":{"@id":"https:\/\/impulso360gc.com\/#website"},"datePublished":"2024-06-19T22:49:59+00:00","dateModified":"2024-07-05T15:52:51+00:00","breadcrumb":{"@id":"https:\/\/impulso360gc.com\/?page_id=1466#breadcrumb"},"inLanguage":"es","potentialAction":[{"@type":"ReadAction","target":["https:\/\/impulso360gc.com\/?page_id=1466"]}]},{"@type":"BreadcrumbList","@id":"https:\/\/impulso360gc.com\/?page_id=1466#breadcrumb","itemListElement":[{"@type":"ListItem","position":1,"name":"Inicio","item":"https:\/\/impulso360gc.com\/"},{"@type":"ListItem","position":2,"name":"Contacto"}]},{"@type":"WebSite","@id":"https:\/\/impulso360gc.com\/#website","url":"https:\/\/impulso360gc.com\/","name":"Impulso 360\u00b0","description":"","publisher":{"@id":"https:\/\/impulso360gc.com\/#organization"},"potentialAction":[{"@type":"SearchAction","target":{"@type":"EntryPoint","urlTemplate":"https:\/\/impulso360gc.com\/?s={search_term_string}"},"query-input":{"@type":"PropertyValueSpecification","valueRequired":true,"valueName":"search_term_string"}}],"inLanguage":"es"},{"@type":"Organization","@id":"https:\/\/impulso360gc.com\/#organization","name":"Impulso 360\u00b0","url":"https:\/\/impulso360gc.com\/","logo":{"@type":"ImageObject","inLanguage":"es","@id":"https:\/\/impulso360gc.com\/#\/schema\/logo\/image\/","url":"https:\/\/impulso360gc.com\/wp-content\/uploads\/2024\/06\/impulso_logo_blanco.png","contentUrl":"https:\/\/impulso360gc.com\/wp-content\/uploads\/2024\/06\/impulso_logo_blanco.png","width":683,"height":365,"caption":"Impulso 360\u00b0"},"image":{"@id":"https:\/\/impulso360gc.com\/#\/schema\/logo\/image\/"}}]}},"uagb_featured_image_src":{"full":false,"thumbnail":false,"medium":false,"medium_large":false,"large":false,"1536x1536":false,"2048x2048":false},"uagb_author_info":{"display_name":"administrador","author_link":"https:\/\/impulso360gc.com\/?author=1"},"uagb_comment_info":0,"uagb_excerpt":"Cont\u00e1ctanos PARA M\u00c1S INFORMACI\u00d3N Encu\u00e9ntranos Informaci\u00f3n de contacto Calacoto, Calle 18 Nro. 8087 Edificio Platino Piso 1, Oficina 1 impulso360gc@gmail.com (+591) 63149529 Env\u00edanos un mensajePor favor, activa JavaScript en tu navegador para completar este formulario.Nombre Completo *Email *D\u00e9janos un mensaje *Comment Enviar","_links":{"self":[{"href":"https:\/\/impulso360gc.com\/index.php?rest_route=\/wp\/v2\/pages\/1466","targetHints":{"allow":["GET"]}}],"collection":[{"href":"https:\/\/impulso360gc.com\/index.php?rest_route=\/wp\/v2\/pages"}],"about":[{"href":"https:\/\/impulso360gc.com\/index.php?rest_route=\/wp\/v2\/types\/page"}],"author":[{"embeddable":true,"href":"https:\/\/impulso360gc.com\/index.php?rest_route=\/wp\/v2\/users\/1"}],"replies":[{"embeddable":true,"href":"https:\/\/impulso360gc.com\/index.php?rest_route=%2Fwp%2Fv2%2Fcomments&post=1466"}],"version-history":[{"count":34,"href":"https:\/\/impulso360gc.com\/index.php?rest_route=\/wp\/v2\/pages\/1466\/revisions"}],"predecessor-version":[{"id":2354,"href":"https:\/\/impulso360gc.com\/index.php?rest_route=\/wp\/v2\/pages\/1466\/revisions\/2354"}],"wp:attachment":[{"href":"https:\/\/impulso360gc.com\/index.php?rest_route=%2Fwp%2Fv2%2Fmedia&parent=1466"}],"curies":[{"name":"wp","href":"https:\/\/api.w.org\/{rel}","templated":true}]}}